{"id":4212,"date":"2024-01-15T12:25:14","date_gmt":"2024-01-15T11:25:14","guid":{"rendered":"http:\/\/www.telegim.tv\/particulares\/?page_id=4212"},"modified":"2024-06-20T15:46:49","modified_gmt":"2024-06-20T13:46:49","slug":"requisitos-tecnicos","status":"publish","type":"page","link":"https:\/\/www.telegim.tv\/particulares\/requisitos-tecnicos\/","title":{"rendered":"Requisitos T\u00e9cnicos para ver las Video Clases en el Gimnasio Online"},"content":{"rendered":"<style type=\"text\/css\">\n#contenedor2 {\r\n   background-image: url('https:\/\/www.telegim.tv\/particulares\/Imagenes\/2020\/fondo-inicio-950-oscuro.png');\r\n   background-position:center;\r\n   background-repeat:no-repeat;\r\n   background-size:cover;\r\n   height:100%;\r\n   width:100%;\r\n   opacity:90%;\r\n}\n<\/style>\n<table width=\"98%\" align=\"center\">\n<tr>\n<td align=\"center\" valign=\"top\"><img decoding=\"async\" src=\"http:\/\/gimnasios.telegim.tv\/iconos-web\/cintatnt11.png\" alt=\"test velocidad\" width=\"85\" height=\"65\" title=\"Imagen\" fetchpriority=\"high\"><\/td>\n<td align=\"justify\">\n                 <b>1-Velocidad de Internet : Necesita tener m\u00ednimo una velocidad de 6 Megas ( A velocidades inferiores puede funcionar, pero si no es estable, se producir\u00e1n cortes en el visionado de las clases )<\/b>. Pueden verificar la velocidad de su conexi\u00f3n a internet con nuestro test :  <a href=\"https:\/\/www.speedtest.net\/es\" target=\"_blank\" rel=\"noopener noreferrer nofollow\"><u>( Pulsar aqu\u00ed para hacer un test de su velocidad a internet )<\/u><\/a><\/p>\n<\/td>\n<\/tr>\n<tr>\n<td align=\"center\" valign=\"top\"><img loading=\"lazy\" decoding=\"async\" src=\"http:\/\/gimnasios.telegim.tv\/iconos-web\/cintatnt7.png\" alt=\"conexi\u00f3n a internet\" width=\"85\" height=\"122\" title=\"Imagen\" fetchpriority=\"low\"><\/td>\n<td align=\"justify\">\n                 <b>2-La conexi\u00f3n a internet de su ordenador debe ser por Cable de red ( o PLC por red electrica ), NO POR WIFI<\/b> : Las conexiones por WIFI ( seg\u00fan el router-modem que tenga instalado sufren muchas interferencias de otras redes pr\u00f3ximas WIFI o Bluetooth y puede provocarle peque\u00f1as desconexiones de internet que hacen que las video clases se paren en algunos momentos, y que en cambio con conexiones por cable de red la recepci\u00f3n de datos de internet es  continuo y mucho m\u00e1s estable.<\/p>\n<\/td>\n<\/tr>\n<tr>\n<td align=\"center\"><img loading=\"lazy\" decoding=\"async\" src=\"http:\/\/gimnasios.telegim.tv\/iconos-web\/cintatnt8.png\" alt=\"procesador i3\" width=\"85\" height=\"84\" title=\"Imagen\" fetchpriority=\"low\"><\/td>\n<td align=\"justify\">\n                 <b>3-El procesador m\u00ednimo que recomendamos para el ordenador que va a utilizar para visualizar nuestras video clases es de como m\u00ednimo un procesador \u201dIntel i3&quot; ( o similar de otra marca ).<\/b><\/p>\n<\/td>\n<\/tr>\n<tr>\n<td align=\"center\"><img loading=\"lazy\" decoding=\"async\" src=\"http:\/\/gimnasios.telegim.tv\/iconos-web\/cintatnt6.png\" alt=\"memoria ram\" width=\"85\" height=\"36\" title=\"Imagen\" fetchpriority=\"low\"><\/td>\n<td align=\"left\">\n                 <b>4-La memoria RAM que tiene que tener el ordenador : Es m\u00ednimo de 4 Gigas de memoria RAM ( Tanto con procesadores inferiores al indicado en el apartado anterior, como con una memoria inferior a la que indicamos aqu\u00ed puede tener problemas para ver nuestras video clases ya que las emitimos en HD y en Streaming.<\/b><\/p>\n<\/td>\n<\/tr>\n<tr>\n<td align=\"center\" valign=\"top\"><\/td>\n<td align=\"justify\">\n                 <b>5-Tarjeta Gr\u00e1fica del ordenador : La resoluci\u00f3n m\u00ednima recomendada para la tarjeta gr\u00e1fica es 1366\u00d7768 ( Formato 16:9 ), color 16 bits, con salida HDMI para conectar el ordenador a un televisor y as\u00ed poder ver nuestras clases en pantalla grande casi como si estuviera en la sala de cualquier gimnasio presencialmente. <\/p>\n<p>                 <\/b><\/td>\n<\/tr>\n<tr>\n<td align=\"center\" valign=\"top\"><img decoding=\"async\" src=\"http:\/\/gimnasios.telegim.tv\/iconos-web\/navegadores.png\" alt=\"navegador\" title=\"Imagen\" loading=\"lazy\" fetchpriority=\"low\"><\/td>\n<td align=\"justify\">\n                 <b>6-Navegadores recomendados para ver las Video Clases de nuestro Gimnasio Online : Los navegadores que recomendamos para ver nuestras Video Clases Online son las \u00faltimas versiones del Mozilla Firefox y\/o del Google Chrome ( Siempre !!! limpios de Adware y sin barras de navegaci\u00f3n instaladas, ya que lo \u00fanico que hacen dichas barras es ralentizar mucho la navegaci\u00f3n adem\u00e1s de ser un peligro para su privacidad ya que van recopilando en todo momento informaci\u00f3n de todo lo que hace cuando navega por internet ). <\/b><\/p>\n<\/td>\n<\/tr>\n<tr>\n<td align=\"center\"><img decoding=\"async\" src=\"http:\/\/gimnasios.telegim.tv\/iconos-web\/cintatnt2.png\" alt=\"\" title=\"Imagen\" loading=\"lazy\" fetchpriority=\"low\"><\/td>\n<td align=\"justify\">\n                 <b>7-RECOMENDABLE : Le recomendamos desactivar el antivirus &amp; Anti Malware, y Actualizaciones de programas durante la visualizaci\u00f3n  de nuestras clases, m\u00e1s que nada para que no colapsen el flujo de su ADSL<\/b> conectandose a internet y actualiz\u00e1ndose, lo que provocar\u00eda casi con toda seguridad cortes en el visionado de nuestras video clases.\n                 <\/td>\n<\/tr>\n<tr>\n<td height=\"8\" colspan=\"2\" align=\"center\"><\/td>\n<\/tr>\n<\/table>\n<div class=\"rtng-rating-total\" data-id=\"4212\"><span class=\"rtng-text rtng-title\">Puntuaci\u00f3n media<\/span><div class=\"rtng-star-rating rtng-no-js \" data-rating=\"0\"><div class=\"rtng-star\" data-rating=\"1\">\n\t\t\t\t\t<span class=\"dashicons dashicons-star-empty\"><\/span>\n\t\t\t\t<\/div><div class=\"rtng-star\" data-rating=\"2\">\n\t\t\t\t\t<span class=\"dashicons dashicons-star-empty\"><\/span>\n\t\t\t\t<\/div><div class=\"rtng-star\" data-rating=\"3\">\n\t\t\t\t\t<span class=\"dashicons dashicons-star-empty\"><\/span>\n\t\t\t\t<\/div><div class=\"rtng-star\" data-rating=\"4\">\n\t\t\t\t\t<span class=\"dashicons dashicons-star-empty\"><\/span>\n\t\t\t\t<\/div><div class=\"rtng-star\" data-rating=\"5\">\n\t\t\t\t\t<span class=\"dashicons dashicons-star-empty\"><\/span>\n\t\t\t\t<\/div><\/div><span class=\"rtng-text rtng-total\">Sistema Operativo<\/span><\/div> <div class=\"rtng-need-login\">Debe <a href=\"https:\/\/www.telegim.tv\/particulares\/wp-login.php\">iniciar sesi\u00f3n<\/a> enviar una opini\u00f3n.<\/div>","protected":false},"excerpt":{"rendered":"<p>1-Velocidad de Internet : Necesita tener m\u00ednimo una velocidad de 6 Megas ( A velocidades inferiores puede funcionar, pero si no es estable, se producir\u00e1n cortes en el visionado de las clases ). Pueden verificar la velocidad de su conexi\u00f3n a internet con nuestro test : ( Pulsar aqu\u00ed para hacer un test de su [&hellip;]<\/p>\n","protected":false},"author":24681,"featured_media":0,"parent":0,"menu_order":0,"comment_status":"closed","ping_status":"closed","template":"","meta":{"footnotes":""},"class_list":["post-4212","page","type-page","status-publish","hentry"],"_links":{"self":[{"href":"https:\/\/www.telegim.tv\/particulares\/wp-json\/wp\/v2\/pages\/4212","targetHints":{"allow":["GET"]}}],"collection":[{"href":"https:\/\/www.telegim.tv\/particulares\/wp-json\/wp\/v2\/pages"}],"about":[{"href":"https:\/\/www.telegim.tv\/particulares\/wp-json\/wp\/v2\/types\/page"}],"author":[{"embeddable":true,"href":"https:\/\/www.telegim.tv\/particulares\/wp-json\/wp\/v2\/users\/24681"}],"replies":[{"embeddable":true,"href":"https:\/\/www.telegim.tv\/particulares\/wp-json\/wp\/v2\/comments?post=4212"}],"version-history":[{"count":0,"href":"https:\/\/www.telegim.tv\/particulares\/wp-json\/wp\/v2\/pages\/4212\/revisions"}],"wp:attachment":[{"href":"https:\/\/www.telegim.tv\/particulares\/wp-json\/wp\/v2\/media?parent=4212"}],"curies":[{"name":"wp","href":"https:\/\/api.w.org\/{rel}","templated":true}]}}