{"id":30,"date":"2024-01-03T22:28:24","date_gmt":"2024-01-03T21:28:24","guid":{"rendered":"http:\/\/www.telegim.tv\/particulares\/?page_id=30"},"modified":"2024-12-09T19:01:12","modified_gmt":"2024-12-09T18:01:12","slug":"buscar","status":"publish","type":"page","link":"https:\/\/www.telegim.tv\/particulares\/buscar\/","title":{"rendered":"Buscar Video Clases en TelegimTV HOME"},"content":{"rendered":"<p><font size=\"+1\"><br \/>\n<center><\/p>\n<p align=\"center\"><font color=\"#ffff00\">Buscar por una o varias palabras :<\/font><form role=\"search\" method=\"get\" id=\"searchform\" action=\"https:\/\/www.telegim.tv\/particulares\/\" >\n    <div><label class=\"screen-reader-text\" for=\"s\">Elegir Disciplina a buscar : <\/label>\n    <input type=\"text\" value=\"\" name=\"s\" id=\"s\" \/><select id=\"category_name\" name=\"category_name\"><option value=\"\">En todas las Disciplinas<\/option><option value=\"gap\">Solo en Abdominales GAP y Estiramientos<\/option><option value=\"aerobic\">Solo en Aerobic y Zumba<\/option><option value=\"boxing\">Solo en Boxing Boxeo<\/option><option value=\"ciclo-indoor\">Solo en Ciclo Indoor Virtual Spinning<\/option><option value=\"elipticaindoor\">Solo en El\u00edptica Indoor Caminadora<\/option><option value=\"mindfulness\">Solo en Mindfulness y Meditaci\u00f3n<\/option><option value=\"pilates\">Solo en Pilates<\/option><option value=\"yoga\">Solo en Pilates Yoga Taichi Meditacion<\/option><option value=\"3d-cycling\">Solo en rutas virtuales rodillo<\/option><option value=\"step\">Solo en Step y TBC<\/option><option value=\"tonificacion\">Solo en Tonificaci\u00f3n Combat HIIT<\/option><option value=\"video-tutoriales-fitness\">Solo en Tutoriales<\/option><option value=\"visualcycling\">Solo en Visual Cycling Ciclo Indoor<\/option><option value=\"visualeliptica\">Solo en Visual El\u00edptica<\/option><\/select><input type=\"submit\" id=\"searchsubmit\" value=\"Buscar\" \/><\/div><\/form><\/p>\n<p><\/center><\/p>\n<p><\/p>\n<p align=\"justify\">\n<font color=\"#ffff00\">B\u00fasqueda sencilla :<\/font> Simplemente introduzca un criterio de b\u00fasqueda. Nombre instructor\/monitor, tipo sesi\u00f3n, etc.<\/p>\n<p><font color=\"#ffff00\">B\u00fasqueda avanzada :<\/font> Si se trata de m\u00e1s de una palabra \u00fanalas entre comillas. Ejemplo : \"abdominales\" o por ejemplo tambi\u00e9n puede buscar las clases del monitor\/instructor que m\u00e1s le interese introduciendo su nombre. Ejemplo : \"Olga Armengol\" o \"Olga\", \"Jordi Alaman\" o \"Jordi\", etc...<\/p>\n<p><font color=\"#ffff00\">Para buscar seg\u00fan duraci\u00f3n de la video clase, debe introducir :<\/font><\/p>\n<p>\u201c-15\u2033 para video clases de menos de 15 minutos<br \/>\n\u201c16-\u201d para video clases de entre 16 y 30 minutos<br \/>\n\u201c31-\u201d para video clases de entre 30 y 45 minutos.<br \/>\n\"46-\" para video clases de entre 46 y 60 minutos.<br \/>\n\"+60\" para video clases de m\u00e1s de 60 minutos.<\/p>\n<p><font color=\"#ffff00\">Para buscar seg\u00fan la dificultad de las video clases online :<\/font> Indicar \"Dificultad : 1\", \"Dificultad : 2\" o \"Dificultad : 3\" ( El grado de dificultad va de menor a mayor, de 1 a 3. Es decir \"Dificultad : 1\" es m\u00e1s f\u00e1cil que \"Dificultad : 2\" y as\u00ed sucesivamente ... ).<\/p>\n<p>En categor\u00edas espec\u00edficas como ciclo indoor puede indicar el tipo concreto de sesi\u00f3n que desea localizar, por ejemplo \"farlek\", \"intervalica\", \"bikecontrol\", etc...<\/p>\n<p><font color=\"#ffff00\"><b>B\u00fasquedas de diferentes criterios a la vez :<\/b><\/font> Una las palabras con signos de suma. Por ejemplo escriba \"yoga\" + \"Dificultad : 2\"<\/p>\n<p><font color=\"#ffff00\">Para ver el listado de todas las video clases de una misma categor\u00eda<\/font>, simplemente pulse en el bot\u00f3n de la barra superior de navegaci\u00f3n de cada categor\u00eda.\n<\/p>\n<p><\/font><\/p>\n<style>\ninput[type=text], select, textarea {\n  color: brown !important;\n}\n<\/style>\n<div class=\"rtng-rating-total\" data-id=\"30\"><span class=\"rtng-text rtng-title\">Puntuaci\u00f3n media<\/span><div class=\"rtng-star-rating rtng-no-js \" data-rating=\"0\"><div class=\"rtng-star\" data-rating=\"1\">\n\t\t\t\t\t<span class=\"dashicons dashicons-star-empty\"><\/span>\n\t\t\t\t<\/div><div class=\"rtng-star\" data-rating=\"2\">\n\t\t\t\t\t<span class=\"dashicons dashicons-star-empty\"><\/span>\n\t\t\t\t<\/div><div class=\"rtng-star\" data-rating=\"3\">\n\t\t\t\t\t<span class=\"dashicons dashicons-star-empty\"><\/span>\n\t\t\t\t<\/div><div class=\"rtng-star\" data-rating=\"4\">\n\t\t\t\t\t<span class=\"dashicons dashicons-star-empty\"><\/span>\n\t\t\t\t<\/div><div class=\"rtng-star\" data-rating=\"5\">\n\t\t\t\t\t<span class=\"dashicons dashicons-star-empty\"><\/span>\n\t\t\t\t<\/div><\/div><span class=\"rtng-text rtng-total\">Sistema Operativo<\/span><\/div> <div class=\"rtng-need-login\">Debe <a href=\"https:\/\/www.telegim.tv\/particulares\/wp-login.php\">iniciar sesi\u00f3n<\/a> enviar una opini\u00f3n.<\/div>","protected":false},"excerpt":{"rendered":"<p>Buscar por una o varias palabras : B\u00fasqueda sencilla : Simplemente introduzca un criterio de b\u00fasqueda. Nombre instructor\/monitor, tipo sesi\u00f3n, etc. B\u00fasqueda avanzada : Si se trata de m\u00e1s de una palabra \u00fanalas entre comillas. Ejemplo : \u00ababdominales\u00bb o por ejemplo tambi\u00e9n puede buscar las clases del monitor\/instructor que m\u00e1s le interese introduciendo su nombre. [&hellip;]<\/p>\n","protected":false},"author":24681,"featured_media":0,"parent":0,"menu_order":0,"comment_status":"closed","ping_status":"closed","template":"","meta":{"footnotes":""},"class_list":["post-30","page","type-page","status-publish","hentry"],"_links":{"self":[{"href":"https:\/\/www.telegim.tv\/particulares\/wp-json\/wp\/v2\/pages\/30","targetHints":{"allow":["GET"]}}],"collection":[{"href":"https:\/\/www.telegim.tv\/particulares\/wp-json\/wp\/v2\/pages"}],"about":[{"href":"https:\/\/www.telegim.tv\/particulares\/wp-json\/wp\/v2\/types\/page"}],"author":[{"embeddable":true,"href":"https:\/\/www.telegim.tv\/particulares\/wp-json\/wp\/v2\/users\/24681"}],"replies":[{"embeddable":true,"href":"https:\/\/www.telegim.tv\/particulares\/wp-json\/wp\/v2\/comments?post=30"}],"version-history":[{"count":0,"href":"https:\/\/www.telegim.tv\/particulares\/wp-json\/wp\/v2\/pages\/30\/revisions"}],"wp:attachment":[{"href":"https:\/\/www.telegim.tv\/particulares\/wp-json\/wp\/v2\/media?parent=30"}],"curies":[{"name":"wp","href":"https:\/\/api.w.org\/{rel}","templated":true}]}}