{"id":23383,"date":"2024-06-03T11:58:32","date_gmt":"2024-06-03T09:58:32","guid":{"rendered":"https:\/\/www.telegim.tv\/particulares\/?page_id=23383"},"modified":"2024-06-10T12:58:51","modified_gmt":"2024-06-10T10:58:51","slug":"cicloindoor3ddemo","status":"publish","type":"page","link":"https:\/\/www.telegim.tv\/particulares\/cicloindoor3ddemo\/","title":{"rendered":"<!-- Presentaci\u00f3n Video Clase Ciclo Indoor 3D -->"},"content":{"rendered":"<p><\/p>\n<p align=\"center\">Video Clase Demo ciclo indoor 3D<\/p>\n<table align=\"center\" width=\"80%\">\n<tr>\n<td align=\"center\" width=\"80%\" style=\"background-color:#3E5F8A\" height=\"30\">\n<a href=\"https:\/\/www.telegim.tv\/particulares\/entrenarencasa\/\" role=\"button\"><font color=\"#FFF\">VOLVER AL LISTADO DE CLASES DEMO<\/font><\/a><\/td>\n<\/tr>\n<\/table>\n<p><center><br \/>\n<video width=\"80%\" autoplay=\"autoplay\" loop controls controlsList=\"nodownload\"><source type=\"video\/mp4\" src=\"https:\/\/www.telegim.tv\/particulares\/videos\/demo-ciclo3d-10min.mp4\" \/><\/video><br \/>\n<\/center><\/p>\n<div class=\"rtng-rating-total\" data-id=\"23383\"><span class=\"rtng-text rtng-title\">Puntuaci\u00f3n media<\/span><div class=\"rtng-star-rating rtng-no-js \" data-rating=\"0\"><div class=\"rtng-star\" data-rating=\"1\">\n\t\t\t\t\t<span class=\"dashicons dashicons-star-empty\"><\/span>\n\t\t\t\t<\/div><div class=\"rtng-star\" data-rating=\"2\">\n\t\t\t\t\t<span class=\"dashicons dashicons-star-empty\"><\/span>\n\t\t\t\t<\/div><div class=\"rtng-star\" data-rating=\"3\">\n\t\t\t\t\t<span class=\"dashicons dashicons-star-empty\"><\/span>\n\t\t\t\t<\/div><div class=\"rtng-star\" data-rating=\"4\">\n\t\t\t\t\t<span class=\"dashicons dashicons-star-empty\"><\/span>\n\t\t\t\t<\/div><div class=\"rtng-star\" data-rating=\"5\">\n\t\t\t\t\t<span class=\"dashicons dashicons-star-empty\"><\/span>\n\t\t\t\t<\/div><\/div><span class=\"rtng-text rtng-total\">Sistema Operativo<\/span><\/div> <div class=\"rtng-need-login\">Debe <a href=\"https:\/\/www.telegim.tv\/particulares\/wp-login.php\">iniciar sesi\u00f3n<\/a> enviar una opini\u00f3n.<\/div>","protected":false},"excerpt":{"rendered":"<p>Video Clase Demo ciclo indoor 3D VOLVER AL LISTADO DE CLASES DEMO Puntuaci\u00f3n media Sistema Operativo Debe iniciar sesi\u00f3n enviar una opini\u00f3n.<\/p>\n","protected":false},"author":94616,"featured_media":0,"parent":0,"menu_order":0,"comment_status":"closed","ping_status":"closed","template":"","meta":{"footnotes":""},"class_list":["post-23383","page","type-page","status-publish","hentry"],"_links":{"self":[{"href":"https:\/\/www.telegim.tv\/particulares\/wp-json\/wp\/v2\/pages\/23383","targetHints":{"allow":["GET"]}}],"collection":[{"href":"https:\/\/www.telegim.tv\/particulares\/wp-json\/wp\/v2\/pages"}],"about":[{"href":"https:\/\/www.telegim.tv\/particulares\/wp-json\/wp\/v2\/types\/page"}],"author":[{"embeddable":true,"href":"https:\/\/www.telegim.tv\/particulares\/wp-json\/wp\/v2\/users\/94616"}],"replies":[{"embeddable":true,"href":"https:\/\/www.telegim.tv\/particulares\/wp-json\/wp\/v2\/comments?post=23383"}],"version-history":[{"count":0,"href":"https:\/\/www.telegim.tv\/particulares\/wp-json\/wp\/v2\/pages\/23383\/revisions"}],"wp:attachment":[{"href":"https:\/\/www.telegim.tv\/particulares\/wp-json\/wp\/v2\/media?parent=23383"}],"curies":[{"name":"wp","href":"https:\/\/api.w.org\/{rel}","templated":true}]}}