{"id":21246,"date":"2022-12-02T15:46:01","date_gmt":"2022-12-02T14:46:01","guid":{"rendered":"https:\/\/www.telegim.tv\/particulares\/?page_id=21246"},"modified":"2024-06-14T16:23:58","modified_gmt":"2024-06-14T14:23:58","slug":"meditacionandmindfulness","status":"publish","type":"page","link":"https:\/\/www.telegim.tv\/particulares\/meditacionandmindfulness\/","title":{"rendered":"Video Clase Demo Meditaci\u00f3n and Mindfulness"},"content":{"rendered":"<p><center><video width=\"80%\" poster=\"https:\/\/www.telegim.tv\/particulares\/Imagenes\/ZBM-221104-techu-meditacion4-5m-transformarimpacienciayexaltacion-d25.jpg\" src=\"https:\/\/www.telegim.tv\/particulares\/HDvideos\/ZBM-221104-techu-meditacion4-5m-transformarimpacienciayexaltacion-d25.mp4\" controls controlsList=\"nodownload\"><\/video><\/center><\/p>\n<div class=\"rtng-rating-total\" data-id=\"21246\"><span class=\"rtng-text rtng-title\">Puntuaci\u00f3n media<\/span><div class=\"rtng-star-rating rtng-no-js \" data-rating=\"0\"><div class=\"rtng-star\" data-rating=\"1\">\n\t\t\t\t\t<span class=\"dashicons dashicons-star-empty\"><\/span>\n\t\t\t\t<\/div><div class=\"rtng-star\" data-rating=\"2\">\n\t\t\t\t\t<span class=\"dashicons dashicons-star-empty\"><\/span>\n\t\t\t\t<\/div><div class=\"rtng-star\" data-rating=\"3\">\n\t\t\t\t\t<span class=\"dashicons dashicons-star-empty\"><\/span>\n\t\t\t\t<\/div><div class=\"rtng-star\" data-rating=\"4\">\n\t\t\t\t\t<span class=\"dashicons dashicons-star-empty\"><\/span>\n\t\t\t\t<\/div><div class=\"rtng-star\" data-rating=\"5\">\n\t\t\t\t\t<span class=\"dashicons dashicons-star-empty\"><\/span>\n\t\t\t\t<\/div><\/div><span class=\"rtng-text rtng-total\">Sistema Operativo<\/span><\/div> <div class=\"rtng-need-login\">Debe <a href=\"https:\/\/www.telegim.tv\/particulares\/wp-login.php\">iniciar sesi\u00f3n<\/a> enviar una opini\u00f3n.<\/div>","protected":false},"excerpt":{"rendered":"<p>Puntuaci\u00f3n media Sistema Operativo Debe iniciar sesi\u00f3n enviar una opini\u00f3n.<\/p>\n","protected":false},"author":94616,"featured_media":0,"parent":0,"menu_order":0,"comment_status":"closed","ping_status":"closed","template":"","meta":{"footnotes":""},"class_list":["post-21246","page","type-page","status-publish","hentry"],"_links":{"self":[{"href":"https:\/\/www.telegim.tv\/particulares\/wp-json\/wp\/v2\/pages\/21246","targetHints":{"allow":["GET"]}}],"collection":[{"href":"https:\/\/www.telegim.tv\/particulares\/wp-json\/wp\/v2\/pages"}],"about":[{"href":"https:\/\/www.telegim.tv\/particulares\/wp-json\/wp\/v2\/types\/page"}],"author":[{"embeddable":true,"href":"https:\/\/www.telegim.tv\/particulares\/wp-json\/wp\/v2\/users\/94616"}],"replies":[{"embeddable":true,"href":"https:\/\/www.telegim.tv\/particulares\/wp-json\/wp\/v2\/comments?post=21246"}],"version-history":[{"count":0,"href":"https:\/\/www.telegim.tv\/particulares\/wp-json\/wp\/v2\/pages\/21246\/revisions"}],"wp:attachment":[{"href":"https:\/\/www.telegim.tv\/particulares\/wp-json\/wp\/v2\/media?parent=21246"}],"curies":[{"name":"wp","href":"https:\/\/api.w.org\/{rel}","templated":true}]}}