{"id":19331,"date":"2024-01-02T17:40:44","date_gmt":"2024-01-02T16:40:44","guid":{"rendered":"https:\/\/www.telegim.tv\/particulares\/?page_id=19331"},"modified":"2025-12-24T11:34:13","modified_gmt":"2025-12-24T10:34:13","slug":"suscripcionesalgimnasioonline","status":"publish","type":"page","link":"https:\/\/www.telegim.tv\/particulares\/suscripcionesalgimnasioonline\/","title":{"rendered":"Suscribirse al Gimnasio Online"},"content":{"rendered":"<div class=\"rtng-rating-total\" data-id=\"19331\"><span class=\"rtng-text rtng-title\">Puntuaci\u00f3n media<\/span><div class=\"rtng-star-rating rtng-no-js \" data-rating=\"0\"><div class=\"rtng-star\" data-rating=\"1\">\n\t\t\t\t\t<span class=\"dashicons dashicons-star-empty\"><\/span>\n\t\t\t\t<\/div><div class=\"rtng-star\" data-rating=\"2\">\n\t\t\t\t\t<span class=\"dashicons dashicons-star-empty\"><\/span>\n\t\t\t\t<\/div><div class=\"rtng-star\" data-rating=\"3\">\n\t\t\t\t\t<span class=\"dashicons dashicons-star-empty\"><\/span>\n\t\t\t\t<\/div><div class=\"rtng-star\" data-rating=\"4\">\n\t\t\t\t\t<span class=\"dashicons dashicons-star-empty\"><\/span>\n\t\t\t\t<\/div><div class=\"rtng-star\" data-rating=\"5\">\n\t\t\t\t\t<span class=\"dashicons dashicons-star-empty\"><\/span>\n\t\t\t\t<\/div><\/div><span class=\"rtng-text rtng-total\">Sistema Operativo<\/span><\/div> <div class=\"rtng-need-login\">Debe <a href=\"https:\/\/www.telegim.tv\/particulares\/wp-login.php\">iniciar sesi\u00f3n<\/a> enviar una opini\u00f3n.<\/div>","protected":false},"excerpt":{"rendered":"<p>Puntuaci\u00f3n media Sistema Operativo Debe iniciar sesi\u00f3n enviar una opini\u00f3n.<\/p>\n","protected":false},"author":94616,"featured_media":0,"parent":0,"menu_order":0,"comment_status":"closed","ping_status":"closed","template":"pagesuscripciones.php","meta":{"footnotes":""},"class_list":["post-19331","page","type-page","status-publish","hentry"],"_links":{"self":[{"href":"https:\/\/www.telegim.tv\/particulares\/wp-json\/wp\/v2\/pages\/19331","targetHints":{"allow":["GET"]}}],"collection":[{"href":"https:\/\/www.telegim.tv\/particulares\/wp-json\/wp\/v2\/pages"}],"about":[{"href":"https:\/\/www.telegim.tv\/particulares\/wp-json\/wp\/v2\/types\/page"}],"author":[{"embeddable":true,"href":"https:\/\/www.telegim.tv\/particulares\/wp-json\/wp\/v2\/users\/94616"}],"replies":[{"embeddable":true,"href":"https:\/\/www.telegim.tv\/particulares\/wp-json\/wp\/v2\/comments?post=19331"}],"version-history":[{"count":2,"href":"https:\/\/www.telegim.tv\/particulares\/wp-json\/wp\/v2\/pages\/19331\/revisions"}],"predecessor-version":[{"id":25454,"href":"https:\/\/www.telegim.tv\/particulares\/wp-json\/wp\/v2\/pages\/19331\/revisions\/25454"}],"wp:attachment":[{"href":"https:\/\/www.telegim.tv\/particulares\/wp-json\/wp\/v2\/media?parent=19331"}],"curies":[{"name":"wp","href":"https:\/\/api.w.org\/{rel}","templated":true}]}}