{"id":18636,"date":"2023-12-03T13:37:25","date_gmt":"2023-12-03T12:37:25","guid":{"rendered":"https:\/\/www.telegim.tv\/particulares\/?page_id=18636"},"modified":"2024-05-29T17:51:10","modified_gmt":"2024-05-29T15:51:10","slug":"posicionamientocicloindoor","status":"publish","type":"page","link":"https:\/\/www.telegim.tv\/particulares\/posicionamientocicloindoor\/","title":{"rendered":"<!-- Video Posicionamiento Ciclo Indoor -->"},"content":{"rendered":"<p><center><\/p>\n<p align=\"center\" font-size=\"+1\">Video Tutorial Posicionamiento en Ciclo Indoor by Melcior Mauri & TelegimTV<\/p>\n<p><video class=\"videowh\" controls preload=\"auto\"><source src=\"https:\/\/www.telegim.tv\/particulares\/videos\/posicionesbc.mp4\"\/><\/video>\t<\/p>\n<p align=\"center\"><a href=\"https:\/\/www.telegim.tv\/particulares\/suscripcionesvirtualgym\/\" role=\"button\"><img decoding=\"async\" src=\"https:\/\/www.telegim.tv\/particulares\/Imagenes\/empezaraentrenar.png\" width=\"90%\" style=\"max-width:250px\" alt=\"\" title=\"Imagen\" fetchpriority=\"high\"><\/a><\/p>\n<p><\/p>\n<p align=\"justify\">\n\u00a1Hola, amantes del fitness! \u00bfEst\u00e1s listo para montarte en tu bicicleta de Ciclo Indoor y ponerte en forma? Pero espera, \u00bfsabes c\u00f3mo ajustar correctamente tu bicicleta de Ciclo Indoor? Un correcto posicionamiento en la bicicleta no solo mejora tu rendimiento sino que tambi\u00e9n minimiza el riesgo de lesiones. Aqu\u00ed te proporcionamos una gu\u00eda completa para el ajuste correcto de tu bicicleta de Ciclo Indoor.<\/p>\n<p>## \u00a1S\u00fabete al Sill\u00edn! Gu\u00eda para un Posicionamiento Perfecto en Spinning<\/p>\n<p>Puede que te sientas tentado a subirte al sill\u00edn y empezar a pedalear de inmediato, pero no tan r\u00e1pido, campe\u00f3n del fitness. El primer paso para un efectivo entrenamiento de Ciclo Indoor es ajustar correctamente el sill\u00edn. Para empezar, la altura del sill\u00edn debe estar a la altura de tu cadera cuando est\u00e1s de pie junto a la bicicleta. Una vez que est\u00e9s sentado, tu pierna debe estar ligeramente doblada cuando el pedal est\u00e9 en la posici\u00f3n m\u00e1s baja. El ajuste del sill\u00edn no solamente afecta a la comodidad sino tambi\u00e9n a la eficiencia del pedaleo y la prevenci\u00f3n de lesiones. As\u00ed que, \u00a1t\u00f3mate tu tiempo para hacerlo bien!<\/p>\n<p>## De Cabeza a Pies: Ajustes Cruciales para Brillar en tu Clase de Spinning<\/p>\n<p>Ahora que tienes el sill\u00edn en posici\u00f3n, es el momento de ajustar el manillar. La altura del manillar debe estar a la altura de tus codos cuando est\u00e9s sentado en el sill\u00edn. De esta manera, tu espalda permanecer\u00e1 en una posici\u00f3n neutral, aliviar\u00e1 la tensi\u00f3n en los hombros y permitir\u00e1 una respiraci\u00f3n \u00f3ptima. Luego, ajusta la distancia entre el sill\u00edn y el manillar. Deber\u00edas poder alcanzar el manillar con facilidad sin tener que estirarte. Por \u00faltimo, ajusta los pedales y aseg\u00farate de que est\u00e9n firmemente sujetos a tus pies. \u00a1Y voil\u00e1! Ya est\u00e1s listo para brillar en tu clase de Ciclo Indoor.<\/p>\n<p>Recuerda, el Ciclo Indoor es una maravillosa manera de ponerse en forma y quemar calor\u00edas, pero solo cuando se hace correctamente. Un correcto posicionamiento en la bicicleta puede hacer una gran diferencia en tu rendimiento y en c\u00f3mo te sientes durante y despu\u00e9s de la clase. As\u00ed que, la pr\u00f3xima vez que vayas a una clase de Ciclo Indoor, t\u00f3mate unos minutos para ajustar correctamente tu bicicleta. Tu cuerpo te lo agradecer\u00e1 y, qui\u00e9n sabe, \u00a1quiz\u00e1s te conviertas en el pr\u00f3ximo rey o reina del Ciclo Indoor! \u00a1As\u00ed que adelante, s\u00fabete al sill\u00edn y pedalea hacia la victoria!\n<\/p>\n<p><\/p>\n<table width=\"98%\" cellpadding=\"0\" cellspacing=\"0\">\n<tr>\n<td colspan=\"2\" height=\"8px\"><\/td>\n<td colspan=\"3\" class=\"tablamovil1\" height=\"8px\"><\/td>\n<\/tr>\n<tr>\n<td align=\"center\" width=\"20%\">\n      <a href=\"https:\/\/www.telegim.tv\/particulares\/videos\/ciclo-indoor\/\" title=\"Video clases Ciclo Indoor Spinning Melcior Mauri para entrenar en casa\"><br \/>\n      <img decoding=\"async\" class=\"rounded2\" width=\"100%\" src=\"https:\/\/www.telegim.tv\/particulares\/Imagenes\/2020\/grandes\/cartela-ciclo-home.png\" alt=\"Video clases Ciclo Indoor Spinning Melcior Mauri para entrenar en casa\" title=\"Imagen\" loading=\"lazy\" fetchpriority=\"low\"><br \/>\n      <\/a>\n  <\/td>\n<td align=\"center\" width=\"20%\">\n      <a href=\"https:\/\/www.telegim.tv\/particulares\/videos\/visualcycling\/\" title=\"Video Clases de Ciclo Visual Routes\"><br \/>\n      <img decoding=\"async\" class=\"rounded2\" width=\"100%\" src=\"https:\/\/www.telegim.tv\/particulares\/Imagenes\/2020\/grandes\/cartela-ciclo-visual.png\" alt=\"Video Clases de Ciclo Visual Routes\" title=\"Imagen\" loading=\"lazy\" fetchpriority=\"low\"><br \/>\n      <\/a>\n  <\/td>\n<td align=\"center\" width=\"20%\" class=\"tablamovil1\">\n      <a href=\"https:\/\/www.telegim.tv\/particulares\/videos\/aerobic\/\" title=\"V\u00eddeo Clases de Aerobic para entrenar en casa\"><br \/>\n      <img decoding=\"async\" class=\"rounded2\" width=\"100%\" src=\"https:\/\/www.telegim.tv\/particulares\/Imagenes\/2020\/grandes\/140910-cartela-aerobic.png\" alt=\"Video clases aerobic para casa\" title=\"Imagen\" loading=\"lazy\" fetchpriority=\"low\"><br \/>\n      <\/a>\n  <\/td>\n<td align=\"center\" width=\"20%\" class=\"tablamovil1\">\n     <a href=\"https:\/\/www.telegim.tv\/particulares\/videos\/gap\/\" title=\"Video clases de GAP COMBAT y ABDOMINALES para entrenar en casa\"><br \/>\n     <img decoding=\"async\" class=\"rounded2\" width=\"100%\" src=\"https:\/\/www.telegim.tv\/particulares\/Imagenes\/2020\/grandes\/combat-gab-abdominales-mini.png\" alt=\"Video Clases de GAP COMBAT y ABDOMINALES para entrenar en casa\" title=\"Imagen\" loading=\"lazy\" fetchpriority=\"low\"><br \/>\n     <\/a>\n  <\/td>\n<td align=\"center\" width=\"20%\" class=\"tablamovil1\">\n\t   <a href=\"https:\/\/www.telegim.tv\/particulares\/videos\/boxing\/\" title=\"Video Clases de Boxing para entrenar en casa\"><br \/>\n       <img decoding=\"async\" class=\"rounded2\" width=\"100%\" src=\"https:\/\/www.telegim.tv\/particulares\/Imagenes\/2020\/grandes\/cartela-boxing.png\" alt=\"Video Clase de Boxing para entrenar en casa\" title=\"Imagen\" loading=\"lazy\" fetchpriority=\"low\"><br \/>\n       <\/a>\n   <\/td>\n<\/tr>\n<tr>\n<td colspan=\"2\" height=\"8px\"><\/td>\n<td colspan=\"3\" class=\"tablamovil1\" height=\"8px\"><\/td>\n<\/tr>\n<tr>\n<td align=\"center\">\n\t   <a href=\"https:\/\/www.telegim.tv\/particulares\/videos\/step\/\" title=\"Video Clases de Step y TBC Total Body Aconditionament para casa\"><br \/>\n       <img decoding=\"async\" class=\"rounded2\" width=\"100%\" src=\"https:\/\/www.telegim.tv\/particulares\/Imagenes\/2020\/grandes\/140910-cartela-step.png\" alt=\"Video Clases de Step y TBC para realizar en casa\" title=\"Imagen\" loading=\"lazy\" fetchpriority=\"low\"><br \/>\n\t   <\/a>\n   <\/td>\n<td align=\"center\">\n\t   <a href=\"https:\/\/www.telegim.tv\/particulares\/videos\/tonificacion\/\" title=\"Video Class de Tonificaci\u00f3n para realizr en casa\"><br \/>\n       <img decoding=\"async\" class=\"rounded2\" width=\"100%\" src=\"https:\/\/www.telegim.tv\/particulares\/Imagenes\/2020\/grandes\/140910-cartela-tono.png\" alt=\"Video Clase de Tonificaci\u00f3n para realizar en casa\" title=\"Imagen\" loading=\"lazy\" fetchpriority=\"low\"><br \/>\n       <\/a>\n   <\/td>\n<td align=\"center\" class=\"tablamovil1\">\n\t  <a href=\"https:\/\/www.telegim.tv\/particulares\/videos\/yoga\/\" title=\"Video Clases de Yoga, Pilates y Estiramientos para casa\"><br \/>\n      <img decoding=\"async\" class=\"rounded2\" width=\"100%\" src=\"https:\/\/www.telegim.tv\/particulares\/Imagenes\/2020\/grandes\/cartela-pilates-yoga-estiramientos.png\" alt=\"Video Clases de Yoga, Pilates y Estiramientos para casa\" title=\"Imagen\" loading=\"lazy\" fetchpriority=\"low\"><br \/>\n\t  <\/a>\n   <\/td>\n<td align=\"center\" class=\"tablamovil1\">\n\t <a href=\"https:\/\/www.telegim.tv\/particulares\/videos\/elipticaindoor\/\" title=\"Video Clases de El\u00edptica Indoor Indoorwalking para entrenar en casa\"><br \/>\n     <img decoding=\"async\" class=\"rounded2\" width=\"100%\" src=\"https:\/\/www.telegim.tv\/particulares\/Imagenes\/2020\/grandes\/eliptica-indoor.png\" alt=\"Video Clases de El\u00edptica Indoor para casa\" title=\"Imagen\" loading=\"lazy\" fetchpriority=\"low\"><br \/>\n     <\/a>\n   <\/td>\n<td align=\"center\" class=\"tablamovil1\">\n     <a href=\"https:\/\/www.telegim.tv\/particulares\/videos\/visualeliptica\/\" title=\"Video clases de Eliptica Visual Routes para entrenar en casa\"><br \/>\n     <img decoding=\"async\" class=\"rounded2\" width=\"100%\" src=\"https:\/\/www.telegim.tv\/particulares\/Imagenes\/2020\/grandes\/cartela-eliptica-visual.png\" alt=\"Video Clases deEliptica Visual Routes\" title=\"Imagen\" loading=\"lazy\" fetchpriority=\"low\"><br \/>\n     <\/a>\n   <\/td>\n<\/tr>\n<tr>\n<td colspan=\"2\" class=\"tablamovil2m\" height=\"8px\"><\/td>\n<td colspan=\"3\" class=\"tablamovil3m\"><\/td>\n<\/tr>\n<tr>\n<td align=\"center\" class=\"tablamovil2m\">\n      <a href=\"https:\/\/www.telegim.tv\/particulares\/videos\/aerobic\/\" title=\"V\u00eddeo Clases de Aerobic para entrenar en casa\"><br \/>\n      <img decoding=\"async\" class=\"rounded2\" width=\"100%\" src=\"https:\/\/www.telegim.tv\/particulares\/Imagenes\/2020\/140910-cartela-aerobic.png\" alt=\"Video clases aerobic para casa\" title=\"Imagen\" loading=\"lazy\" fetchpriority=\"low\"><br \/>\n      <\/a>\n  <\/td>\n<td align=\"center\" class=\"tablamovil2m\">\n     <a href=\"https:\/\/www.telegim.tv\/particulares\/videos\/gap\/\" title=\"Video clases de GAP COMBAT y ABDOMINALES para entrenar en casa\"><br \/>\n     <img decoding=\"async\" class=\"rounded2\" width=\"100%\" src=\"https:\/\/www.telegim.tv\/particulares\/Imagenes\/2020\/combat-gab-abdominales-mini.png\" alt=\"Video Clases de GAP COMBAT y ABDOMINALES para entrenar en casa\" title=\"Imagen\" loading=\"lazy\" fetchpriority=\"low\"><br \/>\n     <\/a>\n  <\/td>\n<td align=\"center\" class=\"tablamovil3m\">\n  <\/td>\n<td align=\"center\" class=\"tablamovil3m\">\n  <\/td>\n<td align=\"center\" class=\"tablamovil3m\">\n  <\/td>\n<\/tr>\n<tr>\n<td colspan=\"2\" class=\"tablamovil2m\" height=\"8px\"><\/td>\n<td colspan=\"3\" class=\"tablamovil3m\"><\/td>\n<\/tr>\n<tr>\n<td align=\"center\" class=\"tablamovil2m\">\n\t   <a href=\"https:\/\/www.telegim.tv\/particulares\/videos\/boxing\/\" title=\"Video Clases de Boxing para entrenar en casa\"><br \/>\n       <img decoding=\"async\" class=\"rounded2\" width=\"100%\" src=\"https:\/\/www.telegim.tv\/particulares\/Imagenes\/2020\/grandes\/cartela-boxing.png\" alt=\"Video Clase de Boxing para entrenar en casa\" title=\"Imagen\" loading=\"lazy\" fetchpriority=\"low\"><br \/>\n       <\/a>\n   <\/td>\n<td align=\"center\" class=\"tablamovil2m\">\n\t  <a href=\"https:\/\/www.telegim.tv\/particulares\/videos\/yoga\/\" title=\"Video Clases de Yoga, Pilates y Estiramientos para entrenar en casa\"><br \/>\n      <img decoding=\"async\" class=\"rounded2\" width=\"100%\" src=\"https:\/\/www.telegim.tv\/particulares\/Imagenes\/2020\/grandes\/cartela-pilates-yoga-estiramientos.png\" alt=\"Video Clases de Yoga, Pilates y Estiramientos para casa\" title=\"Imagen\" loading=\"lazy\" fetchpriority=\"low\"><br \/>\n\t  <\/a>\n  <\/td>\n<td align=\"center\" class=\"tablamovil3m\">\n  <\/td>\n<td align=\"center\" class=\"tablamovil3m\">\n  <\/td>\n<td align=\"center\" class=\"tablamovil3m\">\n  <\/td>\n<\/tr>\n<tr>\n<td colspan=\"2\" class=\"tablamovil2m\" height=\"8px\"><\/td>\n<td colspan=\"3\" class=\"tablamovil3m\"><\/td>\n<\/tr>\n<tr>\n<td align=\"center\" class=\"tablamovil2m\">\n\t <a href=\"https:\/\/www.telegim.tv\/particulares\/videos\/elipticaindoor\/\" title=\"Video Clases de El\u00edptica Indoor Indoorwalking para entrenar en casa\"><br \/>\n     <img decoding=\"async\" class=\"rounded2\" width=\"100%\" src=\"https:\/\/www.telegim.tv\/particulares\/Imagenes\/2020\/eliptica-indoor.png\" alt=\"Video Clases de El\u00edptica Indoor para casa\" title=\"Imagen\" loading=\"lazy\" fetchpriority=\"low\"><br \/>\n     <\/a>\n   <\/td>\n<td align=\"center\" class=\"tablamovil2m\">\n     <a href=\"https:\/\/www.telegim.tv\/particulares\/videos\/visualeliptica\/\" title=\"Video clases de Eliptica Visual Routes para entrenar en casa\"><br \/>\n     <img decoding=\"async\" class=\"rounded2\" width=\"100%\" src=\"https:\/\/www.telegim.tv\/particulares\/Imagenes\/2020\/cartela-eliptica-visual.png\" alt=\"Video Clases deEliptica Visual Routes\" title=\"Imagen\" loading=\"lazy\" fetchpriority=\"low\"><br \/>\n     <\/a>\n   <\/td>\n<td align=\"center\" class=\"tablamovil3m\">\n  <\/td>\n<td align=\"center\" class=\"tablamovil3m\">\n  <\/td>\n<td align=\"center\" class=\"tablamovil3m\">\n  <\/td>\n<\/tr>\n<tr>\n<td colspan=\"2\" class=\"tablamovil2m\" height=\"8px\"><\/td>\n<td colspan=\"3\" class=\"tablamovil3m\"><\/td>\n<\/tr>\n<\/table>\n<p><\/center><\/p>\n<div class=\"rtng-rating-total\" data-id=\"18636\"><span class=\"rtng-text rtng-title\">Puntuaci\u00f3n media<\/span><div class=\"rtng-star-rating rtng-no-js \" data-rating=\"0\"><div class=\"rtng-star\" data-rating=\"1\">\n\t\t\t\t\t<span class=\"dashicons dashicons-star-empty\"><\/span>\n\t\t\t\t<\/div><div class=\"rtng-star\" data-rating=\"2\">\n\t\t\t\t\t<span class=\"dashicons dashicons-star-empty\"><\/span>\n\t\t\t\t<\/div><div class=\"rtng-star\" data-rating=\"3\">\n\t\t\t\t\t<span class=\"dashicons dashicons-star-empty\"><\/span>\n\t\t\t\t<\/div><div class=\"rtng-star\" data-rating=\"4\">\n\t\t\t\t\t<span class=\"dashicons dashicons-star-empty\"><\/span>\n\t\t\t\t<\/div><div class=\"rtng-star\" data-rating=\"5\">\n\t\t\t\t\t<span class=\"dashicons dashicons-star-empty\"><\/span>\n\t\t\t\t<\/div><\/div><span class=\"rtng-text rtng-total\">Sistema Operativo<\/span><\/div> <div class=\"rtng-need-login\">Debe <a href=\"https:\/\/www.telegim.tv\/particulares\/wp-login.php\">iniciar sesi\u00f3n<\/a> enviar una opini\u00f3n.<\/div>","protected":false},"excerpt":{"rendered":"<p>Video Tutorial Posicionamiento en Ciclo Indoor by Melcior Mauri &#038; TelegimTV \u00a1Hola, amantes del fitness! \u00bfEst\u00e1s listo para montarte en tu bicicleta de Ciclo Indoor y ponerte en forma? Pero espera, \u00bfsabes c\u00f3mo ajustar correctamente tu bicicleta de Ciclo Indoor? Un correcto posicionamiento en la bicicleta no solo mejora tu rendimiento sino que tambi\u00e9n minimiza [&hellip;]<\/p>\n","protected":false},"author":94616,"featured_media":14479,"parent":0,"menu_order":0,"comment_status":"closed","ping_status":"closed","template":"","meta":{"footnotes":""},"class_list":["post-18636","page","type-page","status-publish","has-post-thumbnail","hentry"],"_links":{"self":[{"href":"https:\/\/www.telegim.tv\/particulares\/wp-json\/wp\/v2\/pages\/18636","targetHints":{"allow":["GET"]}}],"collection":[{"href":"https:\/\/www.telegim.tv\/particulares\/wp-json\/wp\/v2\/pages"}],"about":[{"href":"https:\/\/www.telegim.tv\/particulares\/wp-json\/wp\/v2\/types\/page"}],"author":[{"embeddable":true,"href":"https:\/\/www.telegim.tv\/particulares\/wp-json\/wp\/v2\/users\/94616"}],"replies":[{"embeddable":true,"href":"https:\/\/www.telegim.tv\/particulares\/wp-json\/wp\/v2\/comments?post=18636"}],"version-history":[{"count":0,"href":"https:\/\/www.telegim.tv\/particulares\/wp-json\/wp\/v2\/pages\/18636\/revisions"}],"wp:featuredmedia":[{"embeddable":true,"href":"https:\/\/www.telegim.tv\/particulares\/wp-json\/wp\/v2\/media\/14479"}],"wp:attachment":[{"href":"https:\/\/www.telegim.tv\/particulares\/wp-json\/wp\/v2\/media?parent=18636"}],"curies":[{"name":"wp","href":"https:\/\/api.w.org\/{rel}","templated":true}]}}