{"id":1848,"date":"2024-01-12T13:02:41","date_gmt":"2024-01-12T12:02:41","guid":{"rendered":"http:\/\/www.telegim.tv\/particulares\/?page_id=1848"},"modified":"2024-06-17T17:55:52","modified_gmt":"2024-06-17T15:55:52","slug":"quienes-somos","status":"publish","type":"page","link":"https:\/\/www.telegim.tv\/particulares\/quienes-somos\/","title":{"rendered":"\u00bf Quienes somos TelegimTV HOME ?"},"content":{"rendered":"<p><style type=\"text\/css\">\n#contenedor2 {\r\n   background-image: url('https:\/\/www.telegim.tv\/particulares\/Imagenes\/2020\/fondo-inicio-950-oscuro.png');\r\n   background-position:center;\r\n   background-repeat:no-repeat;\r\n   background-size:cover;\r\n   height:100%;\r\n   width:100%;\r\n   opacity:90%;\r\n}\n<\/style><br \/>\n<font size=\"+1\"><\/p>\n<p style=\"text-align: justify;\"><b>\u00bf Qui\u00e9nes somos ? : Somos una empresa fundada en el a\u00f1o 1994 CUALIFIL,SL<\/b> con CIF ESB60656709 y Registro Merc. Tomo 27476 folio 0167 Secci\u00f3n General Hoja 119322, y propietaria de la marca TELEGIM.TV ( y plataforma web ). En el a\u00f1o 2008 decidimos innovar, apostar e invertir en uno de los sectores que cre\u00edmos con m\u00e1s proyecci\u00f3n del momento, el sector del \" Fitness Audiovisual Profesional \" ofreciendo Clases Virtuales para Gimnasios, Hoteles y HOME.<\/p>\n<p style=\"text-align: justify;\">Hoy por hoy, despu\u00e9s de m\u00e1s de diez a\u00f1os de evoluci\u00f3n de nuestro proyecto, viendo la acogida que ha tenido y observando el mercado del \" Fitness Audiovisual \" podemos decir que vamos en el camino correcto ya que se ha convertido en el complemento perfecto para hacer deporte, tanto a nivel particular ( en los hogares ) como en los Centros Deportivos \/ Gimnasios y Hoteles como complemento a las actividades presenciales que ofrece.<\/p>\n<p style=\"text-align: justify;\">Nuestra m\u00e1xima ( tanto para el sector particular, como el profesional ) siempre ha sido y sigue siendo, el de crear y ofrecer aquellos servicios ( video clases y apoyo de gr\u00e1ficas a los instructores ) que nosotros estar\u00edamos dispuestos a contratar, en nuestros hogares, o si tuvieramos un Centro Deportivo \/ Gimnasio u Hotel.<\/p>\n<p style=\"text-align: justify;\">Actualmente en el apartado particular ( en esta web TelegimTV HOME ) ofrecemos video clases a la carta ( es decir el usuario elige la video clase que quiere realizar en cada momento ) de Aerobic, Ciclo Indoor, GAP, Abdominales, El\u00edptica Indoor, Pilates, Step, Yoga o Tonificaci\u00f3n. Y en nuestro apartado profesional\u00a0 ( para Centros Deportivos \/ Gimnasios )\u00a0ofrecemos nuestras video clases en canales totalmente autom\u00e1tizados ( 24h de emisi\u00f3n, 365 d\u00edas al a\u00f1o, una clase a cada hora ) adem\u00e1s de complementarlo con el servicio de Gr\u00e1ficas en movimiento para su utilizaci\u00f3n por los instructores en sus clases presenciales.<\/p>\n<p style=\"text-align: justify;\">Nuestros planes de futuro siguen siendo el de invertir e innovar, buscando nuevos caminos que tengan una acogida tan positiva como la que han tenido nuestros servicios hasta la fecha. Y para acabar, esta peque\u00f1a presentaci\u00f3n, simplemente comentar que \"\u00a0 El deporte = Salud y Bienestar \" por lo cual recomendamos que en la vida cotidiana de cualquier persona, no se olvide de reservar unos momentos para realizarlo, ya que lo que ganar\u00e1 es salud !!!.<\/p>\n<p style=\"text-align: justify;\">Un cordial saludo,<\/p>\n<p style=\"text-align: justify;\">Equipo TelegimTV<\/p>\n<p><\/font><\/p>\n<div class=\"rtng-rating-total\" data-id=\"1848\"><span class=\"rtng-text rtng-title\">Puntuaci\u00f3n media<\/span><div class=\"rtng-star-rating rtng-no-js \" data-rating=\"0\"><div class=\"rtng-star\" data-rating=\"1\">\n\t\t\t\t\t<span class=\"dashicons dashicons-star-empty\"><\/span>\n\t\t\t\t<\/div><div class=\"rtng-star\" data-rating=\"2\">\n\t\t\t\t\t<span class=\"dashicons dashicons-star-empty\"><\/span>\n\t\t\t\t<\/div><div class=\"rtng-star\" data-rating=\"3\">\n\t\t\t\t\t<span class=\"dashicons dashicons-star-empty\"><\/span>\n\t\t\t\t<\/div><div class=\"rtng-star\" data-rating=\"4\">\n\t\t\t\t\t<span class=\"dashicons dashicons-star-empty\"><\/span>\n\t\t\t\t<\/div><div class=\"rtng-star\" data-rating=\"5\">\n\t\t\t\t\t<span class=\"dashicons dashicons-star-empty\"><\/span>\n\t\t\t\t<\/div><\/div><span class=\"rtng-text rtng-total\">Sistema Operativo<\/span><\/div> <div class=\"rtng-need-login\">Debe <a href=\"https:\/\/www.telegim.tv\/particulares\/wp-login.php\">iniciar sesi\u00f3n<\/a> enviar una opini\u00f3n.<\/div>","protected":false},"excerpt":{"rendered":"<p>\u00bf Qui\u00e9nes somos ? : Somos una empresa fundada en el a\u00f1o 1994 CUALIFIL,SL con CIF ESB60656709 y Registro Merc. Tomo 27476 folio 0167 Secci\u00f3n General Hoja 119322, y propietaria de la marca TELEGIM.TV ( y plataforma web ). En el a\u00f1o 2008 decidimos innovar, apostar e invertir en uno de los sectores que cre\u00edmos [&hellip;]<\/p>\n","protected":false},"author":24681,"featured_media":0,"parent":0,"menu_order":0,"comment_status":"closed","ping_status":"closed","template":"","meta":{"footnotes":""},"class_list":["post-1848","page","type-page","status-publish","hentry"],"_links":{"self":[{"href":"https:\/\/www.telegim.tv\/particulares\/wp-json\/wp\/v2\/pages\/1848","targetHints":{"allow":["GET"]}}],"collection":[{"href":"https:\/\/www.telegim.tv\/particulares\/wp-json\/wp\/v2\/pages"}],"about":[{"href":"https:\/\/www.telegim.tv\/particulares\/wp-json\/wp\/v2\/types\/page"}],"author":[{"embeddable":true,"href":"https:\/\/www.telegim.tv\/particulares\/wp-json\/wp\/v2\/users\/24681"}],"replies":[{"embeddable":true,"href":"https:\/\/www.telegim.tv\/particulares\/wp-json\/wp\/v2\/comments?post=1848"}],"version-history":[{"count":0,"href":"https:\/\/www.telegim.tv\/particulares\/wp-json\/wp\/v2\/pages\/1848\/revisions"}],"wp:attachment":[{"href":"https:\/\/www.telegim.tv\/particulares\/wp-json\/wp\/v2\/media?parent=1848"}],"curies":[{"name":"wp","href":"https:\/\/api.w.org\/{rel}","templated":true}]}}