{"id":15447,"date":"2020-06-04T17:36:06","date_gmt":"2020-06-04T15:36:06","guid":{"rendered":"https:\/\/www.telegim.tv\/particulares\/?page_id=15447"},"modified":"2023-05-31T18:41:01","modified_gmt":"2023-05-31T16:41:01","slug":"confirmaralta","status":"publish","type":"page","link":"https:\/\/www.telegim.tv\/particulares\/confirmaralta\/","title":{"rendered":"<!-- Alta - Validar Alata - Usuarios GIMNASIOS -->"},"content":{"rendered":"<div class=\"containerform\" style=\"background-color:red\"><p align=\"center\"><font size=\"+1\">USUARIO NO DADO DE ALTA<\/font><\/p><\/div><br><p align=\"center\"><font color=\"red\">ERRORES ENCONTRADOS :   Cup\u00f3n Gimnasio NO V\u00c1LIDO. Con este C\u00d3DIGO ya existe un USUARIO<\/font><\/p><p align=\"center\"><a href=\"javascript:history.back()\"> [ Volver Atr\u00e1s para corregir los errores ]<\/a><\/p>\r\n <div class=\"containerform\">\r\n   <center>\r\n    <table width=\"100%\">\r\n   <tr>\r\n       <td width=\"50%\" align=\"right\">Nombre Usuario:<\/td>\r\n       <td width=\"50%\"><\/td>\r\n   <\/tr>\r\n   <tr>\r\n       <td width=\"50%\"  align=\"right\">Contrase\u00f1a:<\/td>\r\n       <td width=\"50%\"><\/td>\r\n   <\/tr>\r\n   <tr>\r\n       <td width=\"50%\"  align=\"right\">Cup\u00f3n Gimnasio:<\/td>\r\n       <td width=\"50%\"><\/td>\r\n   <\/tr>\r\n  <\/table>\r\n  <\/center>\r\n<\/div> \r\n\r\n\n<div class=\"rtng-rating-total\" data-id=\"15447\"><span class=\"rtng-text rtng-title\">Puntuaci\u00f3n media<\/span><div class=\"rtng-star-rating rtng-no-js \" data-rating=\"0\"><div class=\"rtng-star\" data-rating=\"1\">\n\t\t\t\t\t<span class=\"dashicons dashicons-star-empty\"><\/span>\n\t\t\t\t<\/div><div class=\"rtng-star\" data-rating=\"2\">\n\t\t\t\t\t<span class=\"dashicons dashicons-star-empty\"><\/span>\n\t\t\t\t<\/div><div class=\"rtng-star\" data-rating=\"3\">\n\t\t\t\t\t<span class=\"dashicons dashicons-star-empty\"><\/span>\n\t\t\t\t<\/div><div class=\"rtng-star\" data-rating=\"4\">\n\t\t\t\t\t<span class=\"dashicons dashicons-star-empty\"><\/span>\n\t\t\t\t<\/div><div class=\"rtng-star\" data-rating=\"5\">\n\t\t\t\t\t<span class=\"dashicons dashicons-star-empty\"><\/span>\n\t\t\t\t<\/div><\/div><span class=\"rtng-text rtng-total\">Sistema Operativo<\/span><\/div> <div class=\"rtng-need-login\">Debe <a href=\"https:\/\/www.telegim.tv\/particulares\/wp-login.php\">iniciar sesi\u00f3n<\/a> enviar una opini\u00f3n.<\/div>","protected":false},"excerpt":{"rendered":"<p>Puntuaci\u00f3n media Sistema Operativo Debe iniciar sesi\u00f3n enviar una opini\u00f3n.<\/p>\n","protected":false},"author":94616,"featured_media":0,"parent":0,"menu_order":0,"comment_status":"closed","ping_status":"closed","template":"","meta":{"footnotes":""},"class_list":["post-15447","page","type-page","status-publish","hentry"],"_links":{"self":[{"href":"https:\/\/www.telegim.tv\/particulares\/wp-json\/wp\/v2\/pages\/15447","targetHints":{"allow":["GET"]}}],"collection":[{"href":"https:\/\/www.telegim.tv\/particulares\/wp-json\/wp\/v2\/pages"}],"about":[{"href":"https:\/\/www.telegim.tv\/particulares\/wp-json\/wp\/v2\/types\/page"}],"author":[{"embeddable":true,"href":"https:\/\/www.telegim.tv\/particulares\/wp-json\/wp\/v2\/users\/94616"}],"replies":[{"embeddable":true,"href":"https:\/\/www.telegim.tv\/particulares\/wp-json\/wp\/v2\/comments?post=15447"}],"version-history":[{"count":0,"href":"https:\/\/www.telegim.tv\/particulares\/wp-json\/wp\/v2\/pages\/15447\/revisions"}],"wp:attachment":[{"href":"https:\/\/www.telegim.tv\/particulares\/wp-json\/wp\/v2\/media?parent=15447"}],"curies":[{"name":"wp","href":"https:\/\/api.w.org\/{rel}","templated":true}]}}