{"id":1512,"date":"2024-01-10T13:20:08","date_gmt":"2024-01-10T12:20:08","guid":{"rendered":"http:\/\/www.telegim.tv\/particulares\/?page_id=1512"},"modified":"2024-05-29T18:04:05","modified_gmt":"2024-05-29T16:04:05","slug":"terminos-y-condiciones","status":"publish","type":"page","link":"https:\/\/www.telegim.tv\/particulares\/terminos-y-condiciones\/","title":{"rendered":"Terminos y Condiciones de uso de TelegimTV HOME"},"content":{"rendered":"<p><font size=\"+1\"><\/p>\n<p style=\"text-align: center;\"><a href=\"https:\/\/www.telegim.tv\/particulares\">[ YA HE LE\u00cdDO y ACEPTO LAS CONDICIONES DE USO ]<\/a><\/p>\n<p style=\"text-align: justify;\">1.- VISIONADO DE NUESTRAS VIDEO CLASES : Por registrarse como usuario particular en TELEGIM.TV HOME, le permitir\u00e1 ver nuestras video clases solo a nivel PARTICULAR con los PACKS STD40 y STD80. En ning\u00fan caso est\u00e1 permitido, con la suscripci\u00f3n de estos PACKS, su visualizaci\u00f3n en locales p\u00fablicos como Gimnasios, Centros deportivos, Hoteles, etc.. Si su inter\u00e9s es verlo en su Gimnasio, o similar, deber\u00e1 contratar el PACK SEMIPRO o contactarnos para contratar nuestros Pack Profesionales de servicios TELEGIM.TV PRO ( puede ver informaci\u00f3n detalla de nuestros servicios profesionales pulsando en el siguiente link <a title=\"TelegimTV PRO para Centros Deportivos\" href=\"https:\/\/gimnasios.telegim.tv\" target=\"_blank\" rel=\"noopener noreferrer nofollow\"><font color=\"yellow\">[ TelegimTV PRO ]<\/font><\/a> ).<\/p>\n<p style=\"text-align: justify;\">2- RESPONSABILIDAD POR MAL USO : En nig\u00fan caso ser\u00e1 TELEGIM.TV, ni la empresa propietaria ( CUALIFIL S.L ), responsable por cualquier da\u00f1o directo, indirecto, especial o derivado, relacionado con este sitio web, o con el mal uso que se le haga, o de cualquier sitio o recurso que nos enlacen, o al que se nos haga referencia o se acceda a trav\u00e9s del mismo.<\/p>\n<p style=\"text-align: justify;\">3- CONSEJOS DE USO DE NUESTRA WEB Y VIDEO CLASES : TELEGIM.TV le recomienda encarecidamente, que antes de seguir cualquiera de nuestras video clases, informe a su m\u00e9dico, fisio, y se realice un chequeo m\u00e9dico, para que le garantice un profesional de la salud, que est\u00e1 en un estado f\u00edsico correcto para poder seguir nuestras video clases de fitness.<\/p>\n<p style=\"text-align: justify;\">4- DERECHOS DE AUTORES : Quedan reservados, en los t\u00e9rminos previstos en la legislaci\u00f3n sobre propiedad intelectual, todos los derechos de los propietarios de las obras, interpretaciones o ejecuciones art\u00edsticas, fonogramas, grabaciones audiovisuales y emisiones de radiodifusi\u00f3n objeto de esta transmisi\u00f3n. Salvo autorizaci\u00f3n, quedan prohibidas, bajo las sanciones previstas en la legislaci\u00f3n civil y penal de la aplicaci\u00f3n, la reproducci\u00f3n, distribuci\u00f3n ( por venta, alquiler, pr\u00e9stamo, etc... ), ejecuci\u00f3n p\u00fablica, radiodifusi\u00f3n y comunicaci\u00f3n al p\u00fablico, en todas sus formas, de esta transmisi\u00f3n y de su contenido.( Licencia SGAE: SGAERRDD\/4\/907\/0309 )<\/p>\n<p style=\"text-align: justify;\">5- RGDP ( Nuevo Reglamento general de protecci\u00f3n de datos ) : TelegimTV, como responsable del sitio web, de conformidad con lo dispuesto en el Reglamento (UE) 2016\/679, de 27 de abril, relativo a la protecci\u00f3n de las personas f\u00edsicas en lo que respecta al tratamiento de datos personales (en adelante, \u00abRGPD\u00bb), y la Ley 34\/2002, de 11 de julio, de servicios de la sociedad de la informaci\u00f3n y del comercio electr\u00f3nico (LSSICE), le informa de que ha implantado las medidas de seguridad necesarias, de \u00edndole t\u00e9cnica y organizativa, para garantizar y proteger la confidencialidad, la integridad y la disponibilidad de los datos introducidos. Dandose de alta como usuario\/a de TELEGIM.TV da su consentimiento para que los datos que nos ha facilitado los podamos dar de Alta en nuestro fichero de clientes y nos sirvan de contacto para notificarle en nuestras NEWSLETTER las novedades y\/o ofertas de nuestros productos y el de nuestros asociados. Usted como usuario, en cualquier momento podr\u00e1 ejercer su derecho a la cancelaci\u00f3n ( borrado ) de sus datos de nuestros ficheros, desde el bot\u00f3n de \"DARSE DE BAJA COMO USUARIO\" o simplemente enviandonos un email y solicit\u00e1ndonos la baja como usuario a <a title=\"Baja Usuario\" href=\"mailto:telegim@telegim.tv\"><font color=\"yellow\">telegim@telegim.tv<\/font><\/a>. Puede consultar toda nuestra pol\u00edtica de privacidad seg\u00fan el RGDP en el siguiente documento <a title=\"Pol\u00edtica de Privacidad\" href=\"https:\/\/www.telegim.tv\/particulares\/proteccion-datos-telegim.pdf\" target=\"_blank\" rel=\"noopener noreferrer\"><font color=\"yellow\">[Pulsar aqu\u00ed para leer nuestra pol\u00edtica de privacidad completa]<\/font><\/a><\/p>\n<p style=\"text-align: justify;\">6- DUDAS y\/o PREGUNTAS : Para cualquier duda sobre la utilizaci\u00f3n de esta web o su contenido rogamos se ponga en contacto con nosotros, por email a <a title=\"Email de Contacto\" href=\"mailto:telegim@telegim.tv\"><font color=\"yellow\">telegim@telegim.tv<\/font><\/a>, o correo postal indicado en nuestro PDF de Pol\u00edtica de Privacidad.<\/p>\n<p><\/font><\/p>\n<div class=\"rtng-rating-total\" data-id=\"1512\"><span class=\"rtng-text rtng-title\">Puntuaci\u00f3n media<\/span><div class=\"rtng-star-rating rtng-no-js \" data-rating=\"0\"><div class=\"rtng-star\" data-rating=\"1\">\n\t\t\t\t\t<span class=\"dashicons dashicons-star-empty\"><\/span>\n\t\t\t\t<\/div><div class=\"rtng-star\" data-rating=\"2\">\n\t\t\t\t\t<span class=\"dashicons dashicons-star-empty\"><\/span>\n\t\t\t\t<\/div><div class=\"rtng-star\" data-rating=\"3\">\n\t\t\t\t\t<span class=\"dashicons dashicons-star-empty\"><\/span>\n\t\t\t\t<\/div><div class=\"rtng-star\" data-rating=\"4\">\n\t\t\t\t\t<span class=\"dashicons dashicons-star-empty\"><\/span>\n\t\t\t\t<\/div><div class=\"rtng-star\" data-rating=\"5\">\n\t\t\t\t\t<span class=\"dashicons dashicons-star-empty\"><\/span>\n\t\t\t\t<\/div><\/div><span class=\"rtng-text rtng-total\">Sistema Operativo<\/span><\/div> <div class=\"rtng-need-login\">Debe <a href=\"https:\/\/www.telegim.tv\/particulares\/wp-login.php\">iniciar sesi\u00f3n<\/a> enviar una opini\u00f3n.<\/div>","protected":false},"excerpt":{"rendered":"<p>[ YA HE LE\u00cdDO y ACEPTO LAS CONDICIONES DE USO ] 1.- VISIONADO DE NUESTRAS VIDEO CLASES : Por registrarse como usuario particular en TELEGIM.TV HOME, le permitir\u00e1 ver nuestras video clases solo a nivel PARTICULAR con los PACKS STD40 y STD80. En ning\u00fan caso est\u00e1 permitido, con la suscripci\u00f3n de estos PACKS, su visualizaci\u00f3n [&hellip;]<\/p>\n","protected":false},"author":24681,"featured_media":0,"parent":0,"menu_order":0,"comment_status":"closed","ping_status":"closed","template":"","meta":{"footnotes":""},"class_list":["post-1512","page","type-page","status-publish","hentry"],"_links":{"self":[{"href":"https:\/\/www.telegim.tv\/particulares\/wp-json\/wp\/v2\/pages\/1512","targetHints":{"allow":["GET"]}}],"collection":[{"href":"https:\/\/www.telegim.tv\/particulares\/wp-json\/wp\/v2\/pages"}],"about":[{"href":"https:\/\/www.telegim.tv\/particulares\/wp-json\/wp\/v2\/types\/page"}],"author":[{"embeddable":true,"href":"https:\/\/www.telegim.tv\/particulares\/wp-json\/wp\/v2\/users\/24681"}],"replies":[{"embeddable":true,"href":"https:\/\/www.telegim.tv\/particulares\/wp-json\/wp\/v2\/comments?post=1512"}],"version-history":[{"count":0,"href":"https:\/\/www.telegim.tv\/particulares\/wp-json\/wp\/v2\/pages\/1512\/revisions"}],"wp:attachment":[{"href":"https:\/\/www.telegim.tv\/particulares\/wp-json\/wp\/v2\/media?parent=1512"}],"curies":[{"name":"wp","href":"https:\/\/api.w.org\/{rel}","templated":true}]}}