{"id":15109,"date":"2024-01-12T09:56:46","date_gmt":"2024-01-12T08:56:46","guid":{"rendered":"https:\/\/www.telegim.tv\/particulares\/?page_id=15109"},"modified":"2024-05-29T17:42:59","modified_gmt":"2024-05-29T15:42:59","slug":"gymvirtual","status":"publish","type":"page","link":"https:\/\/www.telegim.tv\/particulares\/gymvirtual\/","title":{"rendered":"<!-- Presentaci\u00f3n TelegimTV HOME Gym Online en Casa -->"},"content":{"rendered":"<p><center><\/p>\n<table width=\"94%\" cellpadding=0\" cellspacing=\"0\">\n<tr>\n<td align=\"center\" width=\"100%\" style=\"background-color:#339FFF\" height=\"30\">\n<a href=\"https:\/\/www.telegim.tv\/particulares\/suscripcionesvirtualgym\/\" role=\"button\"><font color=\"#FFF\">SUSCRIBIRTE DESDE 9,90 Euros\/Mes<\/font><\/a><\/td>\n<\/tr>\n<tr>\n<td height=\"12\"><\/td>\n<\/tr>\n<tr>\n<td align=\"center\" width=\"100%\" style=\"background-color:#31AA6D\" height=\"30\">\n<a href=\"https:\/\/www.telegim.tv\/particulares\/login\/\" role=\"button\"><font color=\"#FFF\">INICIAR SESI\u00d3N<\/font><\/a><\/td>\n<\/tr>\n<tr>\n<td height=\"12\"><\/td>\n<\/tr>\n<tr>\n<td align=\"center\" width=\"100%\">\n       <video id=\"video\" name=\"media\" width=\"80%\" preload=\"auto\" controls controlsList=\"nodownload\" poster=\"https:\/\/www.telegim.tv\/particulares\/Imagenes\/2020\/220105-video-web-home-packplus.jpg\" loop><source type=\"video\/mp4\" src=\"https:\/\/www.telegim.tv\/particulares\/videos\/220324-video-web-home-plus80.mp4\" \/><\/video>\n   <\/td>\n<\/tr>\n<\/table>\n<p>\n<!--wce_code id=95--><br \/>\n<\/p>\n<p align=\"justify\">\n\u00a1Adi\u00f3s a las excusas! Ahora m\u00e1s que nunca, dispones de todas las herramientas necesarias para entrenar desde la comodidad de tu hogar. En la era digital, el fitness ha encontrado una forma de traspasar los l\u00edmites del gimnasio para llegar directamente a tu sala de estar a trav\u00e9s de las video clases. No importa tu nivel o tus preferencias, seguro que encontrar\u00e1s algo que se adapte a tus necesidades entre nuestras 15 disciplinas de fitness. <\/p>\n<p>## De Sof\u00e1 a Superfit: Video Clases de Fitness para Entrenar en Casa <\/p>\n<p>En lugar de rendirte ante el sedentarismo, \u00bfpor qu\u00e9 no convertirlo en un trampol\u00edn hacia un estilo de vida m\u00e1s saludable y activo? Nuestras video clases de fitness est\u00e1n dise\u00f1adas para ayudarte a pasar de sof\u00e1 a superfit sin necesidad de salir de casa. Ofrecemos una amplia gama de entrenamientos que van desde la alta intensidad hasta la relajaci\u00f3n y estiramientos. Con clases guiadas por profesionales del fitness, no s\u00f3lo aprender\u00e1s a realizar correctamente cada ejercicio, sino que tambi\u00e9n recibir\u00e1s consejos \u00fatiles para mejorar tu forma f\u00edsica y tu salud en general.<\/p>\n<p>## Transforma tu Sal\u00f3n en un Gimnasio con 15 Disciplinas Fitness a un Click<\/p>\n<p>No necesitas un espacio grande ni una gran cantidad de equipo para ponerte en forma. Con nuestras video clases de fitness, puedes transformar cualquier espacio de tu casa en tu propio gimnasio personal. Disponemos de 15 disciplinas diferentes, que incluyen yoga, pilates, cardio, Ciclo Indoor, Combat, Zumba y muchas m\u00e1s. Cada disciplina tiene una serie de niveles, desde principiante hasta avanzado, para que puedas progresar a tu propio ritmo. Y lo mejor de todo es que est\u00e1n a solo un click de distancia. Simplemente elige la clase que m\u00e1s te guste, haz click y \u00a1a sudar!<\/p>\n<p>===<br \/>\nEntrenar en casa nunca ha sido tan f\u00e1cil ni tan divertido. Ya no tienes excusas para no moverte, no importa si hace mal tiempo, si no tienes tiempo para ir al gimnasio o si simplemente prefieres la comodidad de tu hogar. Con nuestras video clases de fitness, tienes todo lo que necesitas para ponerte en forma y disfrutar haci\u00e9ndolo. As\u00ed que, \u00bfa qu\u00e9 est\u00e1s esperando? \u00a1Ponte tus ropa deportiva, despliega tu esterilla y prep\u00e1rate para transformarte con nuestras incre\u00edbles video clases de fitness! \u00a1A moverse se ha dicho!\n<\/p>\n<p><\/p>\n<table width=\"98%\" cellpadding=\"0\" cellspacing=\"0\">\n<tr>\n<td colspan=\"2\" height=\"8px\"><\/td>\n<td colspan=\"3\" class=\"tablamovil1\" height=\"4px\"><\/td>\n<\/tr>\n<tr>\n<td align=\"center\" width=\"20%\">\n      <a href=\"https:\/\/www.telegim.tv\/particulares\/videos\/ciclo-indoor\/\" title=\"Video clases Ciclo Indoor Spinning Melcior Mauri para entrenar en casa\"><br \/>\n      <img decoding=\"async\" class=\"rounded2\" width=\"100%\" src=\"https:\/\/www.telegim.tv\/particulares\/Imagenes\/2020\/grandes\/cartela-ciclo-home.png\" alt=\"Video clases Ciclo Indoor Spinning Melcior Mauri para entrenar en casa\" title=\"Imagen\" fetchpriority=\"high\"><br \/>\n      <\/a>\n  <\/td>\n<td align=\"center\" width=\"20%\">\n      <a href=\"https:\/\/www.telegim.tv\/particulares\/videos\/visualcycling\/\" title=\"Video Clases de Ciclo Visual Routes\"><br \/>\n      <img decoding=\"async\" class=\"rounded2\" width=\"100%\" src=\"https:\/\/www.telegim.tv\/particulares\/Imagenes\/2020\/grandes\/cartela-ciclo-visual.png\" alt=\"Video Clases de Ciclo Visual Routes\" title=\"Imagen\" loading=\"lazy\" fetchpriority=\"low\"><br \/>\n      <\/a>\n  <\/td>\n<td align=\"center\" width=\"20%\" class=\"tablamovil1\">\n      <a href=\"https:\/\/www.telegim.tv\/particulares\/videos\/aerobic\/\" title=\"V\u00eddeo Clases de Aerobic para entrenar en casa\"><br \/>\n      <img decoding=\"async\" class=\"rounded2\" width=\"100%\" src=\"https:\/\/www.telegim.tv\/particulares\/Imagenes\/2020\/grandes\/140910-cartela-aerobic.png\" alt=\"Video clases aerobic para casa\" title=\"Imagen\" loading=\"lazy\" fetchpriority=\"low\"><br \/>\n      <\/a>\n  <\/td>\n<td align=\"center\" width=\"20%\" class=\"tablamovil1\">\n     <a href=\"https:\/\/www.telegim.tv\/particulares\/videos\/gap\/\" title=\"Video clases de GAP COMBAT y ABDOMINALES para entrenar en casa\"><br \/>\n     <img decoding=\"async\" class=\"rounded2\" width=\"100%\" src=\"https:\/\/www.telegim.tv\/particulares\/Imagenes\/2020\/grandes\/combat-gab-abdominales-mini.png\" alt=\"Video Clases de GAP COMBAT y ABDOMINALES para entrenar en casa\" title=\"Imagen\" loading=\"lazy\" fetchpriority=\"low\"><br \/>\n     <\/a>\n  <\/td>\n<td align=\"center\" width=\"20%\" class=\"tablamovil1\">\n\t   <a href=\"https:\/\/www.telegim.tv\/particulares\/videos\/boxing\/\" title=\"Video Clases de Boxing para entrenar en casa\"><br \/>\n       <img decoding=\"async\" class=\"rounded2\" width=\"100%\" src=\"https:\/\/www.telegim.tv\/particulares\/Imagenes\/2020\/grandes\/cartela-boxing.png\" alt=\"Video Clase de Boxing para entrenar en casa\" title=\"Imagen\" loading=\"lazy\" fetchpriority=\"low\"><br \/>\n       <\/a>\n   <\/td>\n<\/tr>\n<tr>\n<td colspan=\"2\" height=\"8px\"><\/td>\n<td colspan=\"3\" class=\"tablamovil1\" height=\"8px\"><\/td>\n<\/tr>\n<tr>\n<td align=\"center\">\n\t   <a href=\"https:\/\/www.telegim.tv\/particulares\/videos\/step\/\" title=\"Video Clases de Step y TBC Total Body Aconditionament para casa\"><br \/>\n       <img decoding=\"async\" class=\"rounded2\" width=\"100%\" src=\"https:\/\/www.telegim.tv\/particulares\/Imagenes\/2020\/grandes\/140910-cartela-step.png\" alt=\"Video Clases de Step y TBC para realizar en casa\" title=\"Imagen\" loading=\"lazy\" fetchpriority=\"low\"><br \/>\n\t   <\/a>\n   <\/td>\n<td align=\"center\">\n\t   <a href=\"https:\/\/www.telegim.tv\/particulares\/videos\/tonificacion\/\" title=\"Video Class de Tonificaci\u00f3n para realizr en casa\"><br \/>\n       <img decoding=\"async\" class=\"rounded2\" width=\"100%\" src=\"https:\/\/www.telegim.tv\/particulares\/Imagenes\/2020\/grandes\/140910-cartela-tono.png\" alt=\"Video Clase de Tonificaci\u00f3n para realizar en casa\" title=\"Imagen\" loading=\"lazy\" fetchpriority=\"low\"><br \/>\n       <\/a>\n   <\/td>\n<td align=\"center\" class=\"tablamovil1\">\n\t  <a href=\"https:\/\/www.telegim.tv\/particulares\/videos\/yoga\/\" title=\"Video Clases de Yoga, Pilates y Estiramientos para casa\"><br \/>\n      <img decoding=\"async\" class=\"rounded2\" width=\"100%\" src=\"https:\/\/www.telegim.tv\/particulares\/Imagenes\/2020\/grandes\/cartela-pilates-yoga-estiramientos.png\" alt=\"Video Clases de Yoga, Pilates y Estiramientos para casa\" title=\"Imagen\" loading=\"lazy\" fetchpriority=\"low\"><br \/>\n\t  <\/a>\n   <\/td>\n<td align=\"center\" class=\"tablamovil1\">\n\t <a href=\"https:\/\/www.telegim.tv\/particulares\/videos\/elipticaindoor\/\" title=\"Video Clases de El\u00edptica Indoor Indoorwalking para entrenar en casa\"><br \/>\n     <img decoding=\"async\" class=\"rounded2\" width=\"100%\" src=\"https:\/\/www.telegim.tv\/particulares\/Imagenes\/2020\/grandes\/eliptica-indoor.png\" alt=\"Video Clases de El\u00edptica Indoor para casa\" title=\"Imagen\" loading=\"lazy\" fetchpriority=\"low\"><br \/>\n     <\/a>\n   <\/td>\n<td align=\"center\" class=\"tablamovil1\">\n     <a href=\"https:\/\/www.telegim.tv\/particulares\/videos\/visualeliptica\/\" title=\"Video clases de Eliptica Visual Routes para entrenar en casa\"><br \/>\n     <img decoding=\"async\" class=\"rounded2\" width=\"100%\" src=\"https:\/\/www.telegim.tv\/particulares\/Imagenes\/2020\/grandes\/cartela-eliptica-visual.png\" alt=\"Video Clases deEliptica Visual Routes\" title=\"Imagen\" loading=\"lazy\" fetchpriority=\"low\"><br \/>\n     <\/a>\n   <\/td>\n<\/tr>\n<tr>\n<td colspan=\"2\" class=\"tablamovil2m\" height=\"8px\"><\/td>\n<td colspan=\"3\" class=\"tablamovil3m\"><\/td>\n<\/tr>\n<tr>\n<td align=\"center\" class=\"tablamovil2m\">\n      <a href=\"https:\/\/www.telegim.tv\/particulares\/videos\/aerobic\/\" title=\"V\u00eddeo Clases de Aerobic para entrenar en casa\"><br \/>\n      <img decoding=\"async\" class=\"rounded2\" width=\"100%\" src=\"https:\/\/www.telegim.tv\/particulares\/Imagenes\/2020\/140910-cartela-aerobic.png\" alt=\"Video clases aerobic para casa\" title=\"Imagen\" loading=\"lazy\" fetchpriority=\"low\"><br \/>\n      <\/a>\n  <\/td>\n<td align=\"center\" class=\"tablamovil2m\">\n     <a href=\"https:\/\/www.telegim.tv\/particulares\/videos\/gap\/\" title=\"Video clases de GAP COMBAT y ABDOMINALES para entrenar en casa\"><br \/>\n     <img decoding=\"async\" class=\"rounded2\" width=\"100%\" src=\"https:\/\/www.telegim.tv\/particulares\/Imagenes\/2020\/combat-gab-abdominales-mini.png\" alt=\"Video Clases de GAP COMBAT y ABDOMINALES para entrenar en casa\" title=\"Imagen\" loading=\"lazy\" fetchpriority=\"low\"><br \/>\n     <\/a>\n  <\/td>\n<td align=\"center\" class=\"tablamovil3m\">\n  <\/td>\n<td align=\"center\" class=\"tablamovil3m\">\n  <\/td>\n<td align=\"center\" class=\"tablamovil3m\">\n  <\/td>\n<\/tr>\n<tr>\n<td colspan=\"2\" class=\"tablamovil2m\" height=\"8px\"><\/td>\n<td colspan=\"3\" class=\"tablamovil3m\"><\/td>\n<\/tr>\n<tr>\n<td align=\"center\" class=\"tablamovil2m\">\n\t   <a href=\"https:\/\/www.telegim.tv\/particulares\/videos\/boxing\/\" title=\"Video Clases de Boxing para entrenar en casa\"><br \/>\n       <img decoding=\"async\" class=\"rounded2\" width=\"100%\" src=\"https:\/\/www.telegim.tv\/particulares\/Imagenes\/2020\/grandes\/cartela-boxing.png\" alt=\"Video Clase de Boxing para entrenar en casa\" title=\"Imagen\" loading=\"lazy\" fetchpriority=\"low\"><br \/>\n       <\/a>\n   <\/td>\n<td align=\"center\" class=\"tablamovil2m\">\n\t  <a href=\"https:\/\/www.telegim.tv\/particulares\/videos\/yoga\/\" title=\"Video Clases de Yoga, Pilates y Estiramientos para entrenar en casa\"><br \/>\n      <img decoding=\"async\" class=\"rounded2\" width=\"100%\" src=\"https:\/\/www.telegim.tv\/particulares\/Imagenes\/2020\/grandes\/cartela-pilates-yoga-estiramientos.png\" alt=\"Video Clases de Yoga, Pilates y Estiramientos para casa\" title=\"Imagen\" loading=\"lazy\" fetchpriority=\"low\"><br \/>\n\t  <\/a>\n  <\/td>\n<td align=\"center\" class=\"tablamovil3m\">\n  <\/td>\n<td align=\"center\" class=\"tablamovil3m\">\n  <\/td>\n<td align=\"center\" class=\"tablamovil3m\">\n  <\/td>\n<\/tr>\n<tr>\n<td colspan=\"2\" class=\"tablamovil2m\" height=\"8px\"><\/td>\n<td colspan=\"3\" class=\"tablamovil3m\"><\/td>\n<\/tr>\n<tr>\n<td align=\"center\" class=\"tablamovil2m\">\n\t <a href=\"https:\/\/www.telegim.tv\/particulares\/videos\/elipticaindoor\/\" title=\"Video Clases de El\u00edptica Indoor Indoorwalking para entrenar en casa\"><br \/>\n     <img decoding=\"async\" class=\"rounded2\" width=\"100%\" src=\"https:\/\/www.telegim.tv\/particulares\/Imagenes\/2020\/eliptica-indoor.png\" alt=\"Video Clases de El\u00edptica Indoor para casa\" title=\"Imagen\" loading=\"lazy\" fetchpriority=\"low\"><br \/>\n     <\/a>\n   <\/td>\n<td align=\"center\" class=\"tablamovil2m\">\n     <a href=\"https:\/\/www.telegim.tv\/particulares\/videos\/visualeliptica\/\" title=\"Video clases de Eliptica Visual Routes para entrenar en casa\"><br \/>\n     <img decoding=\"async\" class=\"rounded2\" width=\"100%\" src=\"https:\/\/www.telegim.tv\/particulares\/Imagenes\/2020\/cartela-eliptica-visual.png\" alt=\"Video Clases deEliptica Visual Routes\" title=\"Imagen\" loading=\"lazy\" fetchpriority=\"low\"><br \/>\n     <\/a>\n   <\/td>\n<td align=\"center\" class=\"tablamovil3m\">\n  <\/td>\n<td align=\"center\" class=\"tablamovil3m\">\n  <\/td>\n<td align=\"center\" class=\"tablamovil3m\">\n  <\/td>\n<\/tr>\n<tr>\n<td colspan=\"2\" class=\"tablamovil2m\" height=\"8px\"><\/td>\n<td colspan=\"3\" class=\"tablamovil3m\"><\/td>\n<\/tr>\n<\/table>\n<p><\/center><\/p>\n<div class=\"rtng-rating-total\" data-id=\"15109\"><span class=\"rtng-text rtng-title\">Puntuaci\u00f3n media<\/span><div class=\"rtng-star-rating rtng-no-js \" data-rating=\"0\"><div class=\"rtng-star\" data-rating=\"1\">\n\t\t\t\t\t<span class=\"dashicons dashicons-star-empty\"><\/span>\n\t\t\t\t<\/div><div class=\"rtng-star\" data-rating=\"2\">\n\t\t\t\t\t<span class=\"dashicons dashicons-star-empty\"><\/span>\n\t\t\t\t<\/div><div class=\"rtng-star\" data-rating=\"3\">\n\t\t\t\t\t<span class=\"dashicons dashicons-star-empty\"><\/span>\n\t\t\t\t<\/div><div class=\"rtng-star\" data-rating=\"4\">\n\t\t\t\t\t<span class=\"dashicons dashicons-star-empty\"><\/span>\n\t\t\t\t<\/div><div class=\"rtng-star\" data-rating=\"5\">\n\t\t\t\t\t<span class=\"dashicons dashicons-star-empty\"><\/span>\n\t\t\t\t<\/div><\/div><span class=\"rtng-text rtng-total\">Sistema Operativo<\/span><\/div> <div class=\"rtng-need-login\">Debe <a href=\"https:\/\/www.telegim.tv\/particulares\/wp-login.php\">iniciar sesi\u00f3n<\/a> enviar una opini\u00f3n.<\/div>","protected":false},"excerpt":{"rendered":"","protected":false},"author":94616,"featured_media":0,"parent":0,"menu_order":0,"comment_status":"closed","ping_status":"closed","template":"","meta":{"footnotes":""},"class_list":["post-15109","page","type-page","status-publish","hentry"],"_links":{"self":[{"href":"https:\/\/www.telegim.tv\/particulares\/wp-json\/wp\/v2\/pages\/15109","targetHints":{"allow":["GET"]}}],"collection":[{"href":"https:\/\/www.telegim.tv\/particulares\/wp-json\/wp\/v2\/pages"}],"about":[{"href":"https:\/\/www.telegim.tv\/particulares\/wp-json\/wp\/v2\/types\/page"}],"author":[{"embeddable":true,"href":"https:\/\/www.telegim.tv\/particulares\/wp-json\/wp\/v2\/users\/94616"}],"replies":[{"embeddable":true,"href":"https:\/\/www.telegim.tv\/particulares\/wp-json\/wp\/v2\/comments?post=15109"}],"version-history":[{"count":0,"href":"https:\/\/www.telegim.tv\/particulares\/wp-json\/wp\/v2\/pages\/15109\/revisions"}],"wp:attachment":[{"href":"https:\/\/www.telegim.tv\/particulares\/wp-json\/wp\/v2\/media?parent=15109"}],"curies":[{"name":"wp","href":"https:\/\/api.w.org\/{rel}","templated":true}]}}