{"id":14592,"date":"2024-01-12T18:31:53","date_gmt":"2024-01-12T17:31:53","guid":{"rendered":"https:\/\/www.telegim.tv\/particulares\/?page_id=14592"},"modified":"2024-05-29T09:41:47","modified_gmt":"2024-05-29T07:41:47","slug":"descargarappgymvirtual","status":"publish","type":"page","link":"https:\/\/www.telegim.tv\/particulares\/descargarappgymvirtual\/","title":{"rendered":"Descargar APP de nuestro GymVirtual TelegimTV HOME"},"content":{"rendered":"<p>A continuaci\u00f3n le dejamos el archivo APK de nuestra APP para Android :<\/p>\n<p align=\"center\"><a href=\"https:\/\/www.telegim.tv\/particulares\/telegimtvhome.apk\"><img decoding=\"async\" src=\"https:\/\/www.telegim.tv\/particulares\/Imagenes\/descargar_apk.jpg\" alt=\"APP Gym Virtual TelegimTV HOME\" width=\"50%\" style=\"max-width: 256px\" title=\"Imagen\" fetchpriority=\"high\"><\/a><\/p>\n<p align=\"justify\">Pulse en la imagen superior y se le descargar\u00e1 un archivo APK que al ejecutarlo le instalar\u00e1, en su tel\u00e9fono m\u00f3vil o tablet Android, nuestra WEBAPP. Para poderla instalar, tiene que tener activado en su tel\u00e9fono m\u00f3vil o tablet Android, la opci\u00f3n de poder instalar APPs que no est\u00e9n en el \"PLAYSTORE de Google\" ( es decir, APKs como la nuestra que no est\u00e1n subidos al PlayStore ya que es una WEBAPP de uso exclusivo para nuestros usuarios del Gimnasio Online TelegimTV HOME ). <b>Para ello tiene que ir, en su tel\u00e9fono m\u00f3vil o tablet Android, al Men\u00fa de \"Ajustes\" -> \"Seguridad\" -> y activar all\u00ed la opci\u00f3n de \"Or\u00edgenes Desconocidos\"<\/b>. Una vez tenga activada esta opci\u00f3n ya podr\u00e1 ejecutar el fichero que se ha descargado e instalarse nuestra WEBAPP para un acceso inmediado a nuestro gimnasio online, sin necesidad de ir al navegador.<\/p>\n<div class=\"rtng-rating-total\" data-id=\"14592\"><span class=\"rtng-text rtng-title\">Puntuaci\u00f3n media<\/span><div class=\"rtng-star-rating rtng-no-js \" data-rating=\"0\"><div class=\"rtng-star\" data-rating=\"1\">\n\t\t\t\t\t<span class=\"dashicons dashicons-star-empty\"><\/span>\n\t\t\t\t<\/div><div class=\"rtng-star\" data-rating=\"2\">\n\t\t\t\t\t<span class=\"dashicons dashicons-star-empty\"><\/span>\n\t\t\t\t<\/div><div class=\"rtng-star\" data-rating=\"3\">\n\t\t\t\t\t<span class=\"dashicons dashicons-star-empty\"><\/span>\n\t\t\t\t<\/div><div class=\"rtng-star\" data-rating=\"4\">\n\t\t\t\t\t<span class=\"dashicons dashicons-star-empty\"><\/span>\n\t\t\t\t<\/div><div class=\"rtng-star\" data-rating=\"5\">\n\t\t\t\t\t<span class=\"dashicons dashicons-star-empty\"><\/span>\n\t\t\t\t<\/div><\/div><span class=\"rtng-text rtng-total\">Sistema Operativo<\/span><\/div> <div class=\"rtng-need-login\">Debe <a href=\"https:\/\/www.telegim.tv\/particulares\/wp-login.php\">iniciar sesi\u00f3n<\/a> enviar una opini\u00f3n.<\/div>","protected":false},"excerpt":{"rendered":"<p>A continuaci\u00f3n le dejamos el archivo APK de nuestra APP para Android : Pulse en la imagen superior y se le descargar\u00e1 un archivo APK que al ejecutarlo le instalar\u00e1, en su tel\u00e9fono m\u00f3vil o tablet Android, nuestra WEBAPP. Para poderla instalar, tiene que tener activado en su tel\u00e9fono m\u00f3vil o tablet Android, la opci\u00f3n [&hellip;]<\/p>\n","protected":false},"author":94616,"featured_media":0,"parent":0,"menu_order":0,"comment_status":"closed","ping_status":"closed","template":"","meta":{"footnotes":""},"class_list":["post-14592","page","type-page","status-publish","hentry"],"_links":{"self":[{"href":"https:\/\/www.telegim.tv\/particulares\/wp-json\/wp\/v2\/pages\/14592","targetHints":{"allow":["GET"]}}],"collection":[{"href":"https:\/\/www.telegim.tv\/particulares\/wp-json\/wp\/v2\/pages"}],"about":[{"href":"https:\/\/www.telegim.tv\/particulares\/wp-json\/wp\/v2\/types\/page"}],"author":[{"embeddable":true,"href":"https:\/\/www.telegim.tv\/particulares\/wp-json\/wp\/v2\/users\/94616"}],"replies":[{"embeddable":true,"href":"https:\/\/www.telegim.tv\/particulares\/wp-json\/wp\/v2\/comments?post=14592"}],"version-history":[{"count":0,"href":"https:\/\/www.telegim.tv\/particulares\/wp-json\/wp\/v2\/pages\/14592\/revisions"}],"wp:attachment":[{"href":"https:\/\/www.telegim.tv\/particulares\/wp-json\/wp\/v2\/media?parent=14592"}],"curies":[{"name":"wp","href":"https:\/\/api.w.org\/{rel}","templated":true}]}}